{"id":8738,"date":"2024-03-13T11:14:17","date_gmt":"2024-03-13T09:14:17","guid":{"rendered":"https:\/\/canalsoliva.com\/?page_id=8738"},"modified":"2024-03-14T08:13:37","modified_gmt":"2024-03-14T06:13:37","slug":"formularis-web","status":"publish","type":"page","link":"https:\/\/canalsoliva.com\/es\/formularis-web\/","title":{"rendered":"Formulario Web"},"content":{"rendered":"<div class=\"fusion-fullwidth fullwidth-box fusion-builder-row-1 fusion-flex-container nonhundred-percent-fullwidth non-hundred-percent-height-scrolling\" style=\"--awb-border-radius-top-left:0px;--awb-border-radius-top-right:0px;--awb-border-radius-bottom-right:0px;--awb-border-radius-bottom-left:0px;--awb-flex-wrap:wrap;\" ><div class=\"fusion-builder-row fusion-row fusion-flex-align-items-flex-start fusion-flex-content-wrap\" style=\"max-width:1248px;margin-left: calc(-4% \/ 2 );margin-right: calc(-4% \/ 2 );\"><div class=\"fusion-layout-column fusion_builder_column fusion-builder-column-0 fusion_builder_column_1_1 1_1 fusion-flex-column\" style=\"--awb-bg-blend:overlay;--awb-bg-size:cover;--awb-width-large:100%;--awb-margin-top-large:0px;--awb-spacing-right-large:1.92%;--awb-margin-bottom-large:0px;--awb-spacing-left-large:1.92%;--awb-width-medium:100%;--awb-spacing-right-medium:1.92%;--awb-spacing-left-medium:1.92%;--awb-width-small:100%;--awb-spacing-right-small:1.92%;--awb-spacing-left-small:1.92%;\"><div class=\"fusion-column-wrapper fusion-flex-justify-content-flex-start fusion-content-layout-column\"><div class=\"fusion-text fusion-text-1\"><p><strong>Obtener el consentimiento del usuario en solicitar datos personales<\/strong><\/p>\n<p>El consentimiento debe darse mediante una acci\u00f3n afirmativa clara que refleje una manifestaci\u00f3n de voluntad libre, espec\u00edfica, informada, e inequ\u00edvoca del interesado y debe otorgarse para todas las actividades de tratamiento realizadas. Cuando el tratamiento tenga varias finalidades, el consentimiento debe darse por cada una de ellas. Debe darse a ra\u00edz de una solicitud por medios electr\u00f3nicos, esta debe ser clara, concisa y no perturbar innecesariamente el uso del servicio para el que se presta.<\/p>\n<p>Este consentimiento expreso puede trasladarse a un formulario web a trav\u00e9s de la implementaci\u00f3n de unas casillas de verificaci\u00f3n que est\u00e9n desmarcadas por defecto, esto es vital, para poder demostrar esta voluntad por parte de la persona para tratar sus datos personales.<\/p>\n<p>Las casillas de pre-marca, el silencio y la inacci\u00f3n del interesado no constituyen un tratamiento l\u00edcito de datos, por lo que estas f\u00f3rmulas no deben utilizarse.<\/p>\n<p>Hemos hablado en el apartado anterior de fines espec\u00edficos, es decir, cuando alguien proporciona sus datos es necesario detallar de forma clara, inequ\u00edvoca y transparente cu\u00e1les ser\u00e1n las condiciones de tratamiento de los datos.<\/p>\n<p>Al ser un consentimiento expreso ligado a una finalidad espec\u00edfica, hay que demostrar que se ha recogido siguiendo estos preceptos y la carga probatoria recae sobre la organizaci\u00f3n que recibe y trata estos datos.<\/p>\n<p>Un ejemplo de c\u00f3mo poder demostrar que nos han autorizado es que cada alta genere un e-mail de respuesta autom\u00e1tica con los datos de la persona solicitada, su IP, acepto, fecha, hora exacta y navegador que utiliz\u00f3. Este e-mail debe guardarse como justificante en caso de conflicto con el usuario.<\/p>\n<p><strong>Primera capa de informaci\u00f3n b\u00e1sica<\/strong><\/p>\n<p>Con los requisitos y principios introducidos por el RGPD, respecto a la obligaci\u00f3n de informar, la simple remisi\u00f3n a la pol\u00edtica de privacidad desde los formularios web ya no es suficiente para cumplir con estas obligaciones.<\/p>\n<p>Las Autoridades de Protecci\u00f3n de Datos de la Uni\u00f3n Europea, recomiendan utilizar un modelo de informaci\u00f3n por capas, presentando una primera capa, con una informaci\u00f3n b\u00e1sica sobre protecci\u00f3n de datos y remitir desde esta, m\u00e1s sencilla e inmediata, a una segunda capa con la informaci\u00f3n restante.<\/p>\n<p>En la <a href=\"https:\/\/www.aepd.es\/sites\/default\/files\/2019-09\/guia-modelo-clausula-informativa.pdf\">Gu\u00eda para el Cumplimiento del Deber de Informar<\/a>, de la AEPD establece que esta primera capa informativa debe reunir los siguientes requisitos:<\/p>\n<p>\u2013 La informaci\u00f3n debe ponerse a disposici\u00f3n de los interesados en el momento en que se soliciten los datos, previamente a la recogida o registro.<\/p>\n<p>\u2013 Esta obligaci\u00f3n debe cumplirse sin necesidad de requerimiento alguno, y el responsable deber\u00e1 poder acreditar con posterioridad que la obligaci\u00f3n de informar ha sido satisfecha.<\/p>\n<p>\u2013 Debe estar claramente identificada con un t\u00edtulo tal como \"Informaci\u00f3n b\u00e1sica sobre protecci\u00f3n de datos\".<\/p>\n<p>\u2013 El responsable del tratamiento debe garantizar que esta informaci\u00f3n quede \"dentro del campo de visi\u00f3n\" del interesado.<\/p>\n<p>\u2013 Los interesados deben recibir una copia donde se incluya esta informaci\u00f3n b\u00e1sica.<\/p>\n<p>La LOPDGDD en su art\u00edculo 72 tipifica como INFRACCI\u00d3N MUY GRAVE la omisi\u00f3n del deber de informar al afectado sobre el tratamiento de sus datos personales conforme a lo dispuesto en los art\u00edculos 13 y 14 del Reglamento (UE) 2016\/ 679 (RGPD).<\/p>\n<p><strong>Formulario de Contacto<\/strong><\/p>\n<p>El usuario debe aceptar la Pol\u00edtica de Privacidad, para que la entidad pueda tratar los datos para resolver la consulta.<\/p>\n<p>Opcionalmente, la entidad tambi\u00e9n puede solicitar autorizaci\u00f3n para el env\u00edo de noticias por correo electr\u00f3nico o por los medios que desee. Esta autorizaci\u00f3n debe ser expresa y el usuario debe poder aceptarla voluntariamente.<\/p>\n<\/div><div class=\"fusion-form fusion-form-builder fusion-form-form-wrapper fusion-form-8744\" style=\"--awb-tooltip-text-color:#ffffff;--awb-tooltip-background-color:#333333;\" data-form-id=\"8744\" data-config=\"{&quot;form_id&quot;:&quot;8744&quot;,&quot;form_post_id&quot;:&quot;8744&quot;,&quot;post_id&quot;:8738,&quot;form_type&quot;:&quot;ajax&quot;,&quot;confirmation_type&quot;:&quot;message&quot;,&quot;redirect_url&quot;:&quot;&quot;,&quot;field_labels&quot;:{&quot;el_seu_nom&quot;:&quot;El seu nom&quot;,&quot;el_seu_email&quot;:&quot;El seu Email&quot;,&quot;numero_de_telefon&quot;:&quot;N\\u00famero de tel\\u00e8fon&quot;,&quot;el_seu_missatge&quot;:&quot;El seu missatge&quot;,&quot;privacitat&quot;:&quot;&quot;,&quot;rgpd&quot;:&quot;&quot;},&quot;field_logics&quot;:{&quot;el_seu_nom&quot;:&quot;&quot;,&quot;el_seu_email&quot;:&quot;&quot;,&quot;numero_de_telefon&quot;:&quot;&quot;,&quot;el_seu_missatge&quot;:&quot;&quot;,&quot;privacitat&quot;:&quot;&quot;,&quot;rgpd&quot;:&quot;&quot;,&quot;notice_1&quot;:&quot;&quot;},&quot;field_types&quot;:{&quot;el_seu_nom&quot;:&quot;text&quot;,&quot;el_seu_email&quot;:&quot;text&quot;,&quot;numero_de_telefon&quot;:&quot;text&quot;,&quot;el_seu_missatge&quot;:&quot;text&quot;,&quot;privacitat&quot;:&quot;consent&quot;,&quot;rgpd&quot;:&quot;consent&quot;,&quot;submit_1&quot;:&quot;submit&quot;,&quot;notice_1&quot;:&quot;notice&quot;},&quot;nonce_method&quot;:&quot;ajax&quot;}\"><form action=\"https:\/\/canalsoliva.com\/es\/formularis-web\/\" method=\"post\" class=\"fusion-form fusion-form-8744\" data-trp-original-action=\"https:\/\/canalsoliva.com\/es\/formularis-web\/\"><div class=\"fusion-fullwidth fullwidth-box fusion-builder-row-1-1 fusion-flex-container has-pattern-background has-mask-background nonhundred-percent-fullwidth non-hundred-percent-height-scrolling\" style=\"--awb-border-radius-top-left:0px;--awb-border-radius-top-right:0px;--awb-border-radius-bottom-right:0px;--awb-border-radius-bottom-left:0px;--awb-flex-wrap:wrap;\" ><div class=\"fusion-builder-row fusion-row fusion-flex-align-items-flex-start fusion-flex-content-wrap\" style=\"width:104% !important;max-width:104% !important;margin-left: calc(-4% \/ 2 );margin-right: calc(-4% \/ 2 );\"><div class=\"fusion-layout-column fusion_builder_column fusion-builder-column-1 fusion_builder_column_1_1 1_1 fusion-flex-column\" style=\"--awb-bg-size:cover;--awb-width-large:100%;--awb-margin-top-large:0px;--awb-spacing-right-large:1.92%;--awb-margin-bottom-large:20px;--awb-spacing-left-large:1.92%;--awb-width-medium:100%;--awb-order-medium:0;--awb-spacing-right-medium:1.92%;--awb-spacing-left-medium:1.92%;--awb-width-small:100%;--awb-order-small:0;--awb-spacing-right-small:1.92%;--awb-spacing-left-small:1.92%;\"><div class=\"fusion-column-wrapper fusion-column-has-shadow fusion-flex-justify-content-flex-start fusion-content-layout-column\"><div class=\"fusion-form-field fusion-form-text-field fusion-form-label-above\" style=\"\" data-form-id=\"8744\"><div class=\"fusion-form-label-wrapper\"><label for=\"el_seu_nom\">Su nombre <abbr class=\"fusion-form-element-required\" title=\"required\">*<\/abbr><\/label><\/div><input type=\"text\" tabindex=\"1\" name=\"el_seu_nom\" id=\"el_seu_nom\" value=\"\"  class=\"fusion-form-input\" required=\"true\" aria-required=\"true\" data-holds-private-data=\"false\" minlength=\"0\"\/><\/div><div class=\"fusion-form-field fusion-form-text-field fusion-form-label-above\" style=\"\" data-form-id=\"8744\"><div class=\"fusion-form-label-wrapper\"><label for=\"el_seu_email\">Su Email <abbr class=\"fusion-form-element-required\" title=\"required\">*<\/abbr><\/label><\/div><input type=\"text\" tabindex=\"2\" name=\"el_seu_email\" id=\"el_seu_email\" value=\"\"  class=\"fusion-form-input\" required=\"true\" aria-required=\"true\" data-holds-private-data=\"false\" minlength=\"0\"\/><\/div><div class=\"fusion-form-field fusion-form-text-field fusion-form-label-above\" style=\"\" data-form-id=\"8744\"><div class=\"fusion-form-label-wrapper\"><label for=\"numero_de_telefon\">N\u00famero de tel\u00e9fono<\/label><\/div><input type=\"text\" tabindex=\"3\" name=\"numero_de_telefon\" id=\"numero_de_telefon\" value=\"\"  class=\"fusion-form-input\" data-holds-private-data=\"false\" minlength=\"0\"\/><\/div><div class=\"fusion-form-field fusion-form-text-field fusion-form-label-above\" style=\"\" data-form-id=\"8744\"><div class=\"fusion-form-label-wrapper\"><label for=\"el_seu_missatge\">Su mensaje<\/label><\/div><input type=\"text\" tabindex=\"4\" name=\"el_seu_missatge\" id=\"el_seu_missatge\" value=\"\"  class=\"fusion-form-input\" data-holds-private-data=\"false\" minlength=\"0\"\/><\/div><div class=\"fusion-form-field fusion-form-consent-field fusion-form-label-above\" style=\"\" data-form-id=\"8744\"><div class=\"fusion-form-checkbox option-inline\"><input tabindex=\"5\" id=\"privacitat\" type=\"checkbox\" value=\"1\" name=\"privacitat\" class=\"fusion-form-input\"\/><label for=\"privacitat\">He le\u00eddo y acepto la  <ahref=\"https:\/\/canalsoliva.net\/politica-de-privacitat\/\" target=\"_blank\"><strong>pol\u00edtica de privacidad<\/strong>.<\/a><\/label><\/div><\/div><div class=\"fusion-form-field fusion-form-consent-field fusion-form-label-above\" style=\"\" data-form-id=\"8744\"><div class=\"fusion-form-checkbox option-inline\"><input tabindex=\"6\" id=\"rgpd\" type=\"checkbox\" value=\"1\" name=\"rgpd\" class=\"fusion-form-input\"\/><label for=\"rgpd\">Autorizo <b>el env\u00edo de informaci\u00f3n comercial y del bolet\u00edn de noticias<\/b>.<\/label><\/div><\/div><div class=\"fusion-text fusion-text-2\" style=\"--awb-font-size:13px;--awb-text-color:var(--awb-color8);--awb-margin-left:25px;\"><p><strong>INFORMACI\u00d3N B\u00c1SICA SOBRE PROTECCI\u00d3N DE DATOS<\/strong><\/p>\n<p><strong>Responsable del tratamiento:<\/strong> CANALS DE DISTRIBUCI\u00d3N OLIVA, S.L.\n<strong>Finalidad del tratamiento:<\/strong> Mantener una relaci\u00f3n con el Usuario y, si nos autoriza, enviar el bolet\u00edn de noticias.\n<strong>Legitimaci\u00f3n del tratamiento:<\/strong> Inter\u00e9s leg\u00edtimo y consentimiento del interesado\/a.\n<strong>Conservaci\u00f3n de los datos:<\/strong> Se conservar\u00e1n durante el tiempo que exista un inter\u00e9s mutuo o durante el tiempo que sea necesario para el cumplimiento de obligaciones legales.\n<strong>Destinatarios:<\/strong> Prestadores de servicios o colaboradores.\n<strong>Derechos:<\/strong> Derecho a retirar su consentimiento en cualquier momento. Derecho de acceso, rectificaci\u00f3n, portabilidad y supresi\u00f3n de sus datos y de la limitaci\u00f3n u oposici\u00f3n a su tratamiento. Datos de contacto para ejercer tus derechos: <a href=\"mailto:carlos@canalsoliva.com\"><b>carlos@canalsoliva.com<\/b><\/a>.\n<strong>Informaci\u00f3n adicional:<\/strong> Pod\u00e9is encontrar m\u00e1s informaci\u00f3n en la<em> <u><a href=\"https:\/\/canalsoliva.com\/es\/politica-de-privacitat\/\" target=\"_blank\" rel=\"noopener\"><b>Pol\u00edtica de Privacidad<\/b><\/a><\/u><\/em>.<\/p>\n<\/div><div class=\"fusion-form-field fusion-form-submit-field fusion-form-label-above\" style=\"\" data-form-id=\"8744\"><div style=\"text-align:center;\"><button type=\"submit\" class=\"fusion-button button-flat fusion-button-default-size button-custom fusion-button-default button-1 fusion-button-default-span  form-form-submit button-default\" style=\"--button_accent_color:var(--awb-color1);--button_accent_hover_color:var(--awb-color1);--button_border_hover_color:var(--awb-color1);--button_gradient_top_color:var(--awb-color4);--button_gradient_bottom_color:var(--awb-color4);--button_gradient_top_color_hover:var(--awb-color5);--button_gradient_bottom_color_hover:var(--awb-color5);\" data-form-number=\"8744\" tabindex=\"7\"><span class=\"fusion-button-text\">Enviar<\/span><\/button><\/div><\/div><div class=\"form-submission-notices data-notice_1\" id=\"fusion-notices-1\"><div class=\"fusion-alert alert success alert-success fusion-alert-center fusion-form-response fusion-form-response-success awb-alert-native-link-color alert-dismissable awb-alert-close-boxed\" role=\"alert\"><div class=\"fusion-alert-content-wrapper\"><span class=\"alert-icon\"><i class=\"awb-icon-check-circle\" aria-hidden=\"true\"><\/i><\/span><span class=\"fusion-alert-content\">Gracias por su mensaje. Se ha enviado correctamente<\/span><\/div><button type=\"button\" class=\"close toggle-alert\" data-dismiss=\"alert\" aria-label=\"Close\">&times;<\/button><\/div><div class=\"fusion-alert alert error alert-danger fusion-alert-center fusion-form-response fusion-form-response-error awb-alert-native-link-color alert-dismissable awb-alert-close-boxed\" role=\"alert\"><div class=\"fusion-alert-content-wrapper\"><span class=\"alert-icon\"><i class=\"awb-icon-exclamation-triangle\" aria-hidden=\"true\"><\/i><\/span><span class=\"fusion-alert-content\">Ha habido alg\u00fan error enviando el mensaje. Pru\u00e9belo m\u00e1s tarde por favor.<\/span><\/div><button type=\"button\" class=\"close toggle-alert\" data-dismiss=\"alert\" aria-label=\"Close\">&times;<\/button><\/div><\/div><\/div><\/div><\/div><\/div><input type=\"hidden\" name=\"trp-form-language\" value=\"es\"\/><\/form><\/div><\/div><\/div><\/div><\/div>","protected":false},"excerpt":{"rendered":"","protected":false},"author":2,"featured_media":0,"parent":0,"menu_order":0,"comment_status":"closed","ping_status":"closed","template":"","meta":{"footnotes":""},"class_list":["post-8738","page","type-page","status-publish","hentry"],"yoast_head":"<!-- This site is optimized with the Yoast SEO plugin v23.0 - https:\/\/yoast.com\/wordpress\/plugins\/seo\/ -->\n<title>Formularis Web - Canals de distribuci\u00f3 Oliva<\/title>\n<meta name=\"robots\" content=\"index, follow, max-snippet:-1, max-image-preview:large, max-video-preview:-1\" \/>\n<link rel=\"canonical\" href=\"https:\/\/canalsoliva.com\/es\/formularis-web\/\" \/>\n<meta property=\"og:locale\" content=\"es_ES\" \/>\n<meta property=\"og:type\" content=\"article\" \/>\n<meta property=\"og:title\" content=\"Formularis Web - Canals de distribuci\u00f3 Oliva\" \/>\n<meta property=\"og:url\" content=\"https:\/\/canalsoliva.com\/es\/formularis-web\/\" \/>\n<meta property=\"og:site_name\" content=\"Canals de distribuci\u00f3 Oliva\" \/>\n<meta property=\"article:modified_time\" content=\"2024-03-14T06:13:37+00:00\" \/>\n<meta name=\"twitter:card\" content=\"summary_large_image\" \/>\n<meta name=\"twitter:label1\" content=\"Tiempo de lectura\" \/>\n\t<meta name=\"twitter:data1\" content=\"4 minutos\" \/>\n<script type=\"application\/ld+json\" class=\"yoast-schema-graph\">{\"@context\":\"https:\/\/schema.org\",\"@graph\":[{\"@type\":\"WebPage\",\"@id\":\"https:\/\/canalsoliva.com\/formularis-web\/\",\"url\":\"https:\/\/canalsoliva.com\/formularis-web\/\",\"name\":\"Formularis Web - Canals de distribuci\u00f3 Oliva\",\"isPartOf\":{\"@id\":\"https:\/\/canalsoliva.com\/#website\"},\"datePublished\":\"2024-03-13T09:14:17+00:00\",\"dateModified\":\"2024-03-14T06:13:37+00:00\",\"breadcrumb\":{\"@id\":\"https:\/\/canalsoliva.com\/formularis-web\/#breadcrumb\"},\"inLanguage\":\"es\",\"potentialAction\":[{\"@type\":\"ReadAction\",\"target\":[\"https:\/\/canalsoliva.com\/formularis-web\/\"]}]},{\"@type\":\"BreadcrumbList\",\"@id\":\"https:\/\/canalsoliva.com\/formularis-web\/#breadcrumb\",\"itemListElement\":[{\"@type\":\"ListItem\",\"position\":1,\"name\":\"Home\",\"item\":\"https:\/\/canalsoliva.com\/\"},{\"@type\":\"ListItem\",\"position\":2,\"name\":\"Formularis Web\"}]},{\"@type\":\"WebSite\",\"@id\":\"https:\/\/canalsoliva.com\/#website\",\"url\":\"https:\/\/canalsoliva.com\/\",\"name\":\"Canals de distribuci\u00f3 Oliva\",\"description\":\"Lloc Oficial del supermercat i distribucions Oliva\",\"potentialAction\":[{\"@type\":\"SearchAction\",\"target\":{\"@type\":\"EntryPoint\",\"urlTemplate\":\"https:\/\/canalsoliva.com\/?s={search_term_string}\"},\"query-input\":\"required name=search_term_string\"}],\"inLanguage\":\"es\"}]}<\/script>\n<!-- \/ Yoast SEO plugin. -->","yoast_head_json":{"title":"Formularis Web - Canals de distribuci\u00f3 Oliva","robots":{"index":"index","follow":"follow","max-snippet":"max-snippet:-1","max-image-preview":"max-image-preview:large","max-video-preview":"max-video-preview:-1"},"canonical":"https:\/\/canalsoliva.com\/es\/formularis-web\/","og_locale":"es_ES","og_type":"article","og_title":"Formularis Web - Canals de distribuci\u00f3 Oliva","og_url":"https:\/\/canalsoliva.com\/es\/formularis-web\/","og_site_name":"Canals de distribuci\u00f3 Oliva","article_modified_time":"2024-03-14T06:13:37+00:00","twitter_card":"summary_large_image","twitter_misc":{"Tiempo de lectura":"4 minutos"},"schema":{"@context":"https:\/\/schema.org","@graph":[{"@type":"WebPage","@id":"https:\/\/canalsoliva.com\/formularis-web\/","url":"https:\/\/canalsoliva.com\/formularis-web\/","name":"Formularis Web - Canals de distribuci\u00f3 Oliva","isPartOf":{"@id":"https:\/\/canalsoliva.com\/#website"},"datePublished":"2024-03-13T09:14:17+00:00","dateModified":"2024-03-14T06:13:37+00:00","breadcrumb":{"@id":"https:\/\/canalsoliva.com\/formularis-web\/#breadcrumb"},"inLanguage":"es","potentialAction":[{"@type":"ReadAction","target":["https:\/\/canalsoliva.com\/formularis-web\/"]}]},{"@type":"BreadcrumbList","@id":"https:\/\/canalsoliva.com\/formularis-web\/#breadcrumb","itemListElement":[{"@type":"ListItem","position":1,"name":"Home","item":"https:\/\/canalsoliva.com\/"},{"@type":"ListItem","position":2,"name":"Formularis Web"}]},{"@type":"WebSite","@id":"https:\/\/canalsoliva.com\/#website","url":"https:\/\/canalsoliva.com\/","name":"Canals de distribuci\u00f3 Oliva","description":"Lloc Oficial del supermercat i distribucions Oliva","potentialAction":[{"@type":"SearchAction","target":{"@type":"EntryPoint","urlTemplate":"https:\/\/canalsoliva.com\/?s={search_term_string}"},"query-input":"required name=search_term_string"}],"inLanguage":"es"}]}},"_links":{"self":[{"href":"https:\/\/canalsoliva.com\/es\/wp-json\/wp\/v2\/pages\/8738","targetHints":{"allow":["GET"]}}],"collection":[{"href":"https:\/\/canalsoliva.com\/es\/wp-json\/wp\/v2\/pages"}],"about":[{"href":"https:\/\/canalsoliva.com\/es\/wp-json\/wp\/v2\/types\/page"}],"author":[{"embeddable":true,"href":"https:\/\/canalsoliva.com\/es\/wp-json\/wp\/v2\/users\/2"}],"replies":[{"embeddable":true,"href":"https:\/\/canalsoliva.com\/es\/wp-json\/wp\/v2\/comments?post=8738"}],"version-history":[{"count":5,"href":"https:\/\/canalsoliva.com\/es\/wp-json\/wp\/v2\/pages\/8738\/revisions"}],"predecessor-version":[{"id":8767,"href":"https:\/\/canalsoliva.com\/es\/wp-json\/wp\/v2\/pages\/8738\/revisions\/8767"}],"wp:attachment":[{"href":"https:\/\/canalsoliva.com\/es\/wp-json\/wp\/v2\/media?parent=8738"}],"curies":[{"name":"wp","href":"https:\/\/api.w.org\/{rel}","templated":true}]}}