{"id":1340,"date":"2020-08-19T10:29:16","date_gmt":"2020-08-19T10:29:16","guid":{"rendered":"https:\/\/canalsoliva.com\/?page_id=20"},"modified":"2023-04-21T07:17:44","modified_gmt":"2023-04-21T05:17:44","slug":"contacte","status":"publish","type":"page","link":"https:\/\/canalsoliva.com\/es\/contacte\/","title":{"rendered":"Contacto"},"content":{"rendered":"<div class=\"fusion-fullwidth fullwidth-box fusion-builder-row-1 fusion-flex-container has-mask-background nonhundred-percent-fullwidth non-hundred-percent-height-scrolling\" style=\"--link_hover_color: var(--awb-color4);--awb-border-radius-top-left:0px;--awb-border-radius-top-right:0px;--awb-border-radius-bottom-right:0px;--awb-border-radius-bottom-left:0px;--awb-padding-top:0%;--awb-padding-bottom:0%;--awb-margin-top:0px;--awb-margin-bottom:0px;--awb-flex-wrap:wrap;\" ><div class=\"awb-background-mask\" style=\"background-image:  url(data:image\/svg+xml;utf8,%3Csvg%20width%3D%221920%22%20height%3D%22954%22%20fill%3D%22none%22%20xmlns%3D%22http%3A%2F%2Fwww.w3.org%2F2000%2Fsvg%22%3E%3Cg%20clip-path%3D%22url%28%23prefix__clip0_75_23004%29%22%20fill%3D%22rgba%28151%2C18%2C55%2C1%29%22%3E%3Cpath%20d%3D%22M2351.91%20237.689l-852.66-492.288-412.33%20714.165%20852.67%20492.288%20412.32-714.165zM1936.18%20957.764l-852.67-492.287-54.86%2095.015%20852.67%20492.288%2054.86-95.016zM1874.49%201064.6l-852.66-492.286-46.452%2080.454%20852.672%20492.292%2046.44-80.46zM1814.38%201168.72L961.712%20676.436l-30.743%2053.248%20852.671%20492.286%2030.74-53.25zM1763.15%201257.46L910.479%20765.174%20889.507%20801.5l852.663%20492.29%2020.98-36.33zM1714.85%201341.11L862.185%20848.824l-16.461%2028.51%20852.666%20492.286%2016.46-28.51zM1664.23%201428.78L811.568%20936.496l-10.796%2018.698%20852.668%20492.286%2010.79-18.7zM1612.45%201518.47l-852.666-492.28-6.215%2010.76%20852.671%20492.29%206.21-10.77zM1558.42%201612.05l-852.663-492.28-2.599%204.5%20852.662%20492.29%202.6-4.51z%22%2F%3E%3C%2Fg%3E%3Cdefs%3E%3CclipPath%20id%3D%22prefix__clip0_75_23004%22%3E%3Cpath%20fill%3D%22%23fff%22%20d%3D%22M0%200h1920v954H0z%22%2F%3E%3C%2FclipPath%3E%3C%2Fdefs%3E%3C%2Fsvg%3E);opacity: 0.14 ;mix-blend-mode:normal;\"><\/div><div class=\"fusion-builder-row fusion-row fusion-flex-align-items-flex-start fusion-flex-content-wrap\" style=\"max-width:1248px;margin-left: calc(-4% \/ 2 );margin-right: calc(-4% \/ 2 );\"><div class=\"fusion-layout-column fusion_builder_column fusion-builder-column-0 fusion_builder_column_1_2 1_2 fusion-flex-column\" style=\"--awb-padding-right:52px;--awb-bg-size:cover;--awb-width-large:50%;--awb-margin-top-large:0px;--awb-spacing-right-large:3.84%;--awb-margin-bottom-large:20px;--awb-spacing-left-large:3.84%;--awb-width-medium:50%;--awb-order-medium:0;--awb-spacing-right-medium:3.84%;--awb-spacing-left-medium:3.84%;--awb-width-small:100%;--awb-order-small:0;--awb-spacing-right-small:1.92%;--awb-spacing-left-small:1.92%;\"><div class=\"fusion-column-wrapper fusion-column-has-shadow fusion-flex-justify-content-flex-start fusion-content-layout-column\"><div class=\"fusion-title title fusion-title-1 fusion-sep-none fusion-title-text fusion-title-size-two\" style=\"--awb-margin-bottom:40px;--awb-font-size:35px;\"><h2 class=\"fusion-title-heading title-heading-left\" style=\"margin:0;font-size:1em;letter-spacing:-1px;\">Env\u00edanos un mensaje<\/h2><\/div><div class=\"fusion-form fusion-form-builder fusion-form-form-wrapper fusion-form-522\" style=\"--awb-tooltip-text-color:#ffffff;--awb-tooltip-background-color:#333333;\" data-form-id=\"522\" data-config=\"{&quot;form_id&quot;:&quot;522&quot;,&quot;form_post_id&quot;:&quot;522&quot;,&quot;post_id&quot;:1340,&quot;form_type&quot;:&quot;ajax&quot;,&quot;confirmation_type&quot;:&quot;message&quot;,&quot;redirect_url&quot;:&quot;&quot;,&quot;field_labels&quot;:{&quot;your_name&quot;:&quot;El seu nom&quot;,&quot;your_email&quot;:&quot;El seu Email&quot;,&quot;telephone_number&quot;:&quot;N\\u00famero de tel\\u00e8fon&quot;,&quot;your_message&quot;:&quot;El seu missatge&quot;,&quot;privacitat&quot;:&quot;&quot;,&quot;enviament&quot;:&quot;&quot;},&quot;field_logics&quot;:{&quot;your_name&quot;:&quot;&quot;,&quot;your_email&quot;:&quot;&quot;,&quot;telephone_number&quot;:&quot;&quot;,&quot;your_message&quot;:&quot;&quot;,&quot;privacitat&quot;:&quot;&quot;,&quot;enviament&quot;:&quot;&quot;,&quot;notice_1&quot;:&quot;&quot;},&quot;field_types&quot;:{&quot;your_name&quot;:&quot;text&quot;,&quot;your_email&quot;:&quot;email&quot;,&quot;telephone_number&quot;:&quot;phone_number&quot;,&quot;your_message&quot;:&quot;textarea&quot;,&quot;privacitat&quot;:&quot;consent&quot;,&quot;enviament&quot;:&quot;consent&quot;,&quot;submit_1&quot;:&quot;submit&quot;,&quot;notice_1&quot;:&quot;notice&quot;,&quot;recaptcha_1&quot;:&quot;recaptcha&quot;},&quot;nonce_method&quot;:&quot;ajax&quot;}\"><form action=\"https:\/\/canalsoliva.com\/es\/contacte\/\" method=\"post\" class=\"fusion-form fusion-form-522\" data-trp-original-action=\"https:\/\/canalsoliva.com\/es\/contacte\/\"><div class=\"fusion-fullwidth fullwidth-box fusion-builder-row-1-1 fusion-flex-container nonhundred-percent-fullwidth non-hundred-percent-height-scrolling\" style=\"--awb-border-radius-top-left:0px;--awb-border-radius-top-right:0px;--awb-border-radius-bottom-right:0px;--awb-border-radius-bottom-left:0px;--awb-padding-right:0px;--awb-padding-left:0px;--awb-flex-wrap:wrap;\" ><div class=\"fusion-builder-row fusion-row fusion-flex-align-items-flex-start fusion-flex-content-wrap\" style=\"width:104% !important;max-width:104% !important;margin-left: calc(-4% \/ 2 );margin-right: calc(-4% \/ 2 );\"><div class=\"fusion-layout-column fusion_builder_column fusion-builder-column-1 fusion_builder_column_1_1 1_1 fusion-flex-column\" style=\"--awb-bg-size:cover;--awb-width-large:100%;--awb-margin-top-large:0px;--awb-spacing-right-large:1.92%;--awb-margin-bottom-large:0px;--awb-spacing-left-large:1.92%;--awb-width-medium:100%;--awb-order-medium:0;--awb-spacing-right-medium:1.92%;--awb-spacing-left-medium:1.92%;--awb-width-small:100%;--awb-order-small:0;--awb-spacing-right-small:1.92%;--awb-spacing-left-small:1.92%;\"><div class=\"fusion-column-wrapper fusion-column-has-shadow fusion-flex-justify-content-flex-start fusion-content-layout-column\"><div class=\"fusion-form-field fusion-form-text-field fusion-form-label-above\" style=\"\" data-form-id=\"522\"><div class=\"fusion-form-label-wrapper\"><label for=\"your_name\">Su nombre <abbr class=\"fusion-form-element-required\" title=\"required\">*<\/abbr><\/label><\/div><input type=\"text\" name=\"your_name\" id=\"your_name\" value=\"\"  class=\"fusion-form-input\" required=\"true\" aria-required=\"true\" data-holds-private-data=\"false\" minlength=\"0\"\/><\/div><div class=\"fusion-form-field fusion-form-email-field fusion-form-label-above\" style=\"\" data-form-id=\"522\"><div class=\"fusion-form-label-wrapper\"><label for=\"your_email\">Su Email <abbr class=\"fusion-form-element-required\" title=\"required\">*<\/abbr><\/label><\/div><input type=\"email\" name=\"your_email\" id=\"your_email\" value=\"\"  class=\"fusion-form-input\" required=\"true\" aria-required=\"true\" data-holds-private-data=\"false\"\/><\/div><div class=\"fusion-form-field fusion-form-phone-number-field fusion-form-label-above\" style=\"\" data-form-id=\"522\"><div class=\"fusion-form-label-wrapper\"><label for=\"telephone_number\">N\u00famero de tel\u00e9fono<\/label><\/div><input type=\"tel\" name=\"telephone_number\" id=\"telephone_number\" value=\"\"  class=\"fusion-form-input\" data-holds-private-data=\"false\"\/><\/div><div class=\"fusion-form-field fusion-form-textarea-field fusion-form-label-above\" style=\"\" data-form-id=\"522\"><label for=\"your_message\">Su mensaje<\/label><textarea cols=\"40\"  minlength=\"0\"  rows=\"4\" tabindex=\"\" id=\"your_message\" name=\"your_message\" class=\"fusion-form-input\" data-holds-private-data=\"false\"><\/textarea><\/div><div class=\"fusion-form-field fusion-form-consent-field fusion-form-label-above\" style=\"\" data-form-id=\"522\"><div class=\"fusion-form-checkbox option-inline\"><input tabindex=\"\" id=\"privacitat\" type=\"checkbox\" value=\"1\" name=\"privacitat\" class=\"fusion-form-input\" required=\"true\" aria-required=\"true\"\/><label for=\"privacitat\">He le\u00eddo y acepto la <a href=\"https:\/\/canalsoliva.net\/politica-de-privacitat\/\" target=\"_blank\">pol\u00edtica de privacidad<\/a><\/label><\/div><\/div><div class=\"fusion-form-field fusion-form-consent-field fusion-form-label-above\" style=\"\" data-form-id=\"522\"><div class=\"fusion-form-checkbox option-inline\"><input tabindex=\"\" id=\"enviament\" type=\"checkbox\" value=\"1\" name=\"enviament\" class=\"fusion-form-input\" required=\"true\" aria-required=\"true\"\/><label for=\"enviament\">Autorizo el env\u00edo de correos electr\u00f3nicos para contestar la consulta y\/o llamadas telef\u00f3nicas.<\/label><\/div><\/div><div class=\"fusion-form-field fusion-form-submit-field fusion-form-label-above\" style=\"\" data-form-id=\"522\"><div ><button type=\"submit\" class=\"fusion-button button-flat fusion-button-default-size button-default fusion-button-default button-1 fusion-button-default-span  form-form-submit button-default\" data-form-number=\"522\" tabindex=\"\"><span class=\"fusion-button-text\">ENVIAR<\/span><\/button><\/div><\/div><div class=\"form-submission-notices data-notice_1\" id=\"fusion-notices-1\"><div class=\"fusion-alert alert success alert-success fusion-alert-center fusion-form-response fusion-form-response-success awb-alert-native-link-color alert-dismissable awb-alert-close-boxed\" style=\"--awb-margin-top:30px;\" role=\"alert\"><div class=\"fusion-alert-content-wrapper\"><span class=\"alert-icon\"><i class=\"awb-icon-check-circle\" aria-hidden=\"true\"><\/i><\/span><span class=\"fusion-alert-content\">Gracias por su mensaje. Se ha enviado correctamente<\/span><\/div><button type=\"button\" class=\"close toggle-alert\" data-dismiss=\"alert\" aria-label=\"Close\">&times;<\/button><\/div><div class=\"fusion-alert alert error alert-danger fusion-alert-center fusion-form-response fusion-form-response-error awb-alert-native-link-color alert-dismissable awb-alert-close-boxed\" style=\"--awb-margin-top:30px;\" role=\"alert\"><div class=\"fusion-alert-content-wrapper\"><span class=\"alert-icon\"><i class=\"awb-icon-exclamation-triangle\" aria-hidden=\"true\"><\/i><\/span><span class=\"fusion-alert-content\">Ha habido alg\u00fan error enviando el mensaje. Pru\u00e9belo m\u00e1s tarde por favor.<\/span><\/div><button type=\"button\" class=\"close toggle-alert\" data-dismiss=\"alert\" aria-label=\"Close\">&times;<\/button><\/div><\/div><div class=\"fusion-form-field fusion-form-recaptcha-field fusion-form-label-above\" style=\"\" data-form-id=\"522\">\t\t\t\t<div class=\"form-creator-recaptcha\" >\n\t\t\t\t\t\t\t\t\t\t\t\t\t\t\t\t\t\t\t\t\t\t\t<div class=\"fusion-form-recaptcha-wrapper\">\n\t\t\t\t\t\t\t\t\t\t<div\n\t\t\t\t\t\t\tid=\"g-recaptcha-id-form-522\"\n\t\t\t\t\t\t\tclass=\"fusion-form-recaptcha-v3 recaptcha-container\"\n\t\t\t\t\t\t\tdata-sitekey=\"6Ldjm8YkAAAAAHQbesWEBxV5GMhpA5YwfrkY9Gb4\"\n\t\t\t\t\t\t\tdata-badge=\"inline\">\n\t\t\t\t\t\t<\/div>\n\t\t\t\t\t\t<input\n\t\t\t\t\t\t\ttype=\"hidden\"\n\t\t\t\t\t\t\tname=\"fusion-form-recaptcha-response\"\n\t\t\t\t\t\t\tclass=\"g-recaptcha-response\"\n\t\t\t\t\t\t\tid=\"fusion-form-recaptcha-response-522\"\n\t\t\t\t\t\t\tvalue=\"\">\n\t\t\t\t\t\t\t\t\t<\/div>\n\t\t\t\t\t\t\t\t\t\t\t\t\t\t\t<\/div>\n\t\t\t\t<\/div><\/div><\/div><\/div><\/div><input type=\"hidden\" name=\"trp-form-language\" value=\"es\"\/><\/form><\/div><\/div><\/div><div class=\"fusion-layout-column fusion_builder_column fusion-builder-column-2 fusion_builder_column_1_2 1_2 fusion-flex-column\" style=\"--awb-padding-right:51px;--awb-bg-size:cover;--awb-width-large:50%;--awb-margin-top-large:0px;--awb-spacing-right-large:3.84%;--awb-margin-bottom-large:20px;--awb-spacing-left-large:3.84%;--awb-width-medium:50%;--awb-order-medium:0;--awb-spacing-right-medium:3.84%;--awb-spacing-left-medium:3.84%;--awb-width-small:100%;--awb-order-small:0;--awb-spacing-right-small:1.92%;--awb-spacing-left-small:1.92%;\"><div class=\"fusion-column-wrapper fusion-column-has-shadow fusion-flex-justify-content-flex-start fusion-content-layout-column\"><div class=\"fusion-image-element sm-text-align-center\" style=\"--awb-caption-title-font-family:var(--h2_typography-font-family);--awb-caption-title-font-weight:var(--h2_typography-font-weight);--awb-caption-title-font-style:var(--h2_typography-font-style);--awb-caption-title-size:var(--h2_typography-font-size);--awb-caption-title-transform:var(--h2_typography-text-transform);--awb-caption-title-line-height:var(--h2_typography-line-height);--awb-caption-title-letter-spacing:var(--h2_typography-letter-spacing);--awb-filter:brightness(80%);--awb-filter-transition:filter 0.3s ease;--awb-filter-hover:brightness(100%);\"><span class=\"fusion-imageframe imageframe-none imageframe-1 hover-type-none\" style=\"border-radius:12px;\"><a class=\"fusion-no-lightbox\" href=\"https:\/\/bit.ly\/3mGXCh1\" target=\"_self\" aria-label=\"Fachada de las oficinas Oliva\"><img decoding=\"async\" width=\"800\" height=\"533\" alt=\"Fa\u00e7ana de les oficines Oliva on es veu el logotip\" src=\"https:\/\/canalsoliva.com\/wp-content\/uploads\/2023\/03\/AB0A8103copia.jpg\" data-orig-src=\"https:\/\/canalsoliva.com\/wp-content\/uploads\/2023\/03\/AB0A8103copia-800x533.jpg\" class=\"lazyload img-responsive wp-image-2182\" srcset=\"data:image\/svg+xml,%3Csvg%20xmlns%3D%27http%3A%2F%2Fwww.w3.org%2F2000%2Fsvg%27%20width%3D%271200%27%20height%3D%27800%27%20viewBox%3D%270%200%201200%20800%27%3E%3Crect%20width%3D%271200%27%20height%3D%27800%27%20fill-opacity%3D%220%22%2F%3E%3C%2Fsvg%3E\" data-srcset=\"https:\/\/canalsoliva.com\/wp-content\/uploads\/2023\/03\/AB0A8103copia-200x133.jpg 200w, https:\/\/canalsoliva.com\/wp-content\/uploads\/2023\/03\/AB0A8103copia-400x267.jpg 400w, https:\/\/canalsoliva.com\/wp-content\/uploads\/2023\/03\/AB0A8103copia-600x400.jpg 600w, https:\/\/canalsoliva.com\/wp-content\/uploads\/2023\/03\/AB0A8103copia-800x533.jpg 800w, https:\/\/canalsoliva.com\/wp-content\/uploads\/2023\/03\/AB0A8103copia.jpg 1200w\" data-sizes=\"auto\" data-orig-sizes=\"(max-width: 640px) 100vw, 600px\" \/><\/a><\/span><\/div><div class=\"fusion-title title fusion-title-2 fusion-sep-none fusion-title-text fusion-title-size-two\" style=\"--awb-margin-bottom:30px;--awb-font-size:35px;\"><h2 class=\"fusion-title-heading title-heading-left\" style=\"margin:0;font-size:1em;letter-spacing:-1px;\"><h3>Para cualquier consulta:<\/h3><\/h2><\/div><div class=\"fusion-text fusion-text-1\"><h3>Plataforma de distribuci\u00f3n Oliva<br \/><\/h3>\n<h4>C\/ Cer\u00e7, 1 \u2013 Pol\u00edgono Camins Nous. 43740<br \/>\nMora de Ebro, Tarragona.<\/h4>\n<h4><strong>Horario:<br \/>\nL-V: de 09 a 13 y de 16 a 19 horas.<\/strong><br \/>\n<strong>S\u00e1bados y domingos, cerrado.<br \/>\n<\/strong><\/h4>\n<h3>Oliva Supermercado<br \/><\/h3>\n<h4>Av. de les Comarques Catalanes, 41. 43740<br \/>\nMora de Ebro, Tarragona.<\/h4>\n<h4><strong>Horario:<br \/>\n<\/strong><strong>L-V: de 09 a 13.30 y de 17 a 20.30 horas.<\/strong><br \/>\n<strong>S\u00e1bado de 09 a 14 horas, i domingo cerrado.<\/strong><\/h4>\n<h4><strong>Correo: admin@canalsoliva.com<\/strong><strong><br \/>\n<\/strong><\/h4>\n<\/div><div class=\"fusion-builder-row fusion-builder-row-inner fusion-row fusion-flex-align-items-flex-start fusion-flex-content-wrap\" style=\"width:104% !important;max-width:104% !important;margin-left: calc(-4% \/ 2 );margin-right: calc(-4% \/ 2 );\"><div class=\"fusion-layout-column fusion_builder_column_inner fusion-builder-nested-column-0 fusion_builder_column_inner_1_1 1_1 fusion-flex-column\" style=\"--awb-padding-top:5px;--awb-padding-right:25px;--awb-padding-bottom:5px;--awb-padding-left:25px;--awb-overflow:hidden;--awb-bg-size:cover;--awb-border-color:var(--awb-color5);--awb-border-top:4px;--awb-border-right:4px;--awb-border-bottom:4px;--awb-border-left:4px;--awb-border-style:solid;--awb-border-radius:40px 40px 40px 40px;--awb-width-large:100%;--awb-margin-top-large:0px;--awb-spacing-right-large:1.92%;--awb-margin-bottom-large:20px;--awb-spacing-left-large:1.92%;--awb-width-medium:100%;--awb-order-medium:0;--awb-spacing-right-medium:1.92%;--awb-spacing-left-medium:1.92%;--awb-width-small:100%;--awb-order-small:0;--awb-spacing-right-small:1.92%;--awb-spacing-left-small:1.92%;\"><div class=\"fusion-column-wrapper fusion-column-has-shadow fusion-flex-justify-content-flex-start fusion-content-layout-column\"><ul style=\"--awb-size:13 px;--awb-iconcolor:var(--awb-color5);--awb-line-height:22.1px;--awb-icon-width:22.1px;--awb-icon-height:22.1px;--awb-icon-margin:9.1px;--awb-content-margin:31.2px;\" class=\"fusion-checklist fusion-checklist-1 fusion-checklist-default type-icons\"><li class=\"fusion-li-item\" style=\"\"><span class=\"icon-wrapper circle-no\"><i class=\"fusion-li-icon finance-phone-alt\" aria-hidden=\"true\"><\/i><\/span><div class=\"fusion-li-item-content\">\n<p><strong style=\"letter-spacing: 2px; color: var(--awb-color5);\" data-fusion-font=\"true\">CENTRO DE DISTRIBUCI\u00d3N Y SUPERMERCADO: <\/strong><strong style=\"letter-spacing: 2px; color: var(--awb-color5);\" data-fusion-font=\"true\">977 400 130 \/ 977 400 207<\/strong><\/p>\n<\/div><\/li><\/ul><\/div><\/div><\/div><div class=\"fusion-builder-row fusion-builder-row-inner fusion-row fusion-flex-align-items-flex-start fusion-flex-content-wrap\" style=\"width:104% !important;max-width:104% !important;margin-left: calc(-4% \/ 2 );margin-right: calc(-4% \/ 2 );\"><div class=\"fusion-layout-column fusion_builder_column_inner fusion-builder-nested-column-1 fusion_builder_column_inner_1_1 1_1 fusion-flex-column\" style=\"--awb-padding-top:5px;--awb-padding-right:25px;--awb-padding-bottom:5px;--awb-padding-left:25px;--awb-overflow:hidden;--awb-bg-size:cover;--awb-border-color:var(--awb-color5);--awb-border-top:4px;--awb-border-right:4px;--awb-border-bottom:4px;--awb-border-left:4px;--awb-border-style:solid;--awb-border-radius:40px 40px 40px 40px;--awb-width-large:100%;--awb-margin-top-large:0px;--awb-spacing-right-large:1.92%;--awb-margin-bottom-large:20px;--awb-spacing-left-large:1.92%;--awb-width-medium:100%;--awb-order-medium:0;--awb-spacing-right-medium:1.92%;--awb-spacing-left-medium:1.92%;--awb-width-small:100%;--awb-order-small:0;--awb-spacing-right-small:1.92%;--awb-spacing-left-small:1.92%;\"><div class=\"fusion-column-wrapper fusion-column-has-shadow fusion-flex-justify-content-flex-start fusion-content-layout-column\"><ul style=\"--awb-size:13px;--awb-iconcolor:var(--awb-color5);--awb-line-height:22.1px;--awb-icon-width:22.1px;--awb-icon-height:22.1px;--awb-icon-margin:9.1px;--awb-content-margin:31.2px;\" class=\"fusion-checklist fusion-checklist-2 fusion-checklist-default type-icons\"><li class=\"fusion-li-item\" style=\"\"><span class=\"icon-wrapper circle-no\"><i class=\"fusion-li-icon fa-envelope-open fas\" aria-hidden=\"true\"><\/i><\/span><div class=\"fusion-li-item-content\">\n<p><strong style=\"letter-spacing: 2px; color: var(--awb-color5);\" data-fusion-font=\"true\">CORREO: admin@canalsoliva.com<\/strong><\/p>\n<\/div><\/li><\/ul><\/div><\/div><\/div><div class=\"fusion-separator fusion-full-width-sep\" style=\"align-self: center;margin-left: auto;margin-right: auto;margin-top:12px;width:100%;\"><\/div><\/div><\/div><\/div><\/div>","protected":false},"excerpt":{"rendered":"","protected":false},"author":1,"featured_media":0,"parent":0,"menu_order":0,"comment_status":"closed","ping_status":"closed","template":"100-width.php","meta":{"footnotes":""},"class_list":["post-1340","page","type-page","status-publish","hentry"],"yoast_head":"<!-- This site is optimized with the Yoast SEO plugin v23.0 - https:\/\/yoast.com\/wordpress\/plugins\/seo\/ -->\n<title>Contacte - Canals de distribuci\u00f3 Oliva<\/title>\n<meta name=\"description\" content=\"Per a qualsevol consulta o dubte envia&#039;ns un missatge o tamb\u00e9 ens podeu trobar al Centre de Distribuci\u00f3 en horari de dilluns a divendres...\" \/>\n<meta name=\"robots\" content=\"index, follow, max-snippet:-1, max-image-preview:large, max-video-preview:-1\" \/>\n<link rel=\"canonical\" href=\"https:\/\/canalsoliva.com\/es\/contacte\/\" \/>\n<meta property=\"og:locale\" content=\"es_ES\" \/>\n<meta property=\"og:type\" content=\"article\" \/>\n<meta property=\"og:title\" content=\"Contacte - Canals de distribuci\u00f3 Oliva\" \/>\n<meta property=\"og:description\" content=\"Per a qualsevol consulta o dubte envia&#039;ns un missatge o tamb\u00e9 ens podeu trobar al Centre de Distribuci\u00f3 en horari de dilluns a divendres...\" \/>\n<meta property=\"og:url\" content=\"https:\/\/canalsoliva.com\/es\/contacte\/\" \/>\n<meta property=\"og:site_name\" content=\"Canals de distribuci\u00f3 Oliva\" \/>\n<meta property=\"article:modified_time\" content=\"2023-04-21T05:17:44+00:00\" \/>\n<meta name=\"twitter:card\" content=\"summary_large_image\" \/>\n<meta name=\"twitter:label1\" content=\"Tiempo de lectura\" \/>\n\t<meta name=\"twitter:data1\" content=\"3 minutos\" \/>\n<script type=\"application\/ld+json\" class=\"yoast-schema-graph\">{\"@context\":\"https:\/\/schema.org\",\"@graph\":[{\"@type\":\"WebPage\",\"@id\":\"https:\/\/canalsoliva.com\/contacte\/\",\"url\":\"https:\/\/canalsoliva.com\/contacte\/\",\"name\":\"Contacte - Canals de distribuci\u00f3 Oliva\",\"isPartOf\":{\"@id\":\"https:\/\/canalsoliva.com\/#website\"},\"datePublished\":\"2020-08-19T10:29:16+00:00\",\"dateModified\":\"2023-04-21T05:17:44+00:00\",\"description\":\"Per a qualsevol consulta o dubte envia'ns un missatge o tamb\u00e9 ens podeu trobar al Centre de Distribuci\u00f3 en horari de dilluns a divendres...\",\"breadcrumb\":{\"@id\":\"https:\/\/canalsoliva.com\/contacte\/#breadcrumb\"},\"inLanguage\":\"es\",\"potentialAction\":[{\"@type\":\"ReadAction\",\"target\":[\"https:\/\/canalsoliva.com\/contacte\/\"]}]},{\"@type\":\"BreadcrumbList\",\"@id\":\"https:\/\/canalsoliva.com\/contacte\/#breadcrumb\",\"itemListElement\":[{\"@type\":\"ListItem\",\"position\":1,\"name\":\"Home\",\"item\":\"https:\/\/canalsoliva.com\/\"},{\"@type\":\"ListItem\",\"position\":2,\"name\":\"Contacte\"}]},{\"@type\":\"WebSite\",\"@id\":\"https:\/\/canalsoliva.com\/#website\",\"url\":\"https:\/\/canalsoliva.com\/\",\"name\":\"Canals de distribuci\u00f3 Oliva\",\"description\":\"Lloc Oficial del supermercat i distribucions Oliva\",\"potentialAction\":[{\"@type\":\"SearchAction\",\"target\":{\"@type\":\"EntryPoint\",\"urlTemplate\":\"https:\/\/canalsoliva.com\/?s={search_term_string}\"},\"query-input\":\"required name=search_term_string\"}],\"inLanguage\":\"es\"}]}<\/script>\n<!-- \/ Yoast SEO plugin. -->","yoast_head_json":{"title":"Contacte - Canals de distribuci\u00f3 Oliva","description":"Per a qualsevol consulta o dubte envia'ns un missatge o tamb\u00e9 ens podeu trobar al Centre de Distribuci\u00f3 en horari de dilluns a divendres...","robots":{"index":"index","follow":"follow","max-snippet":"max-snippet:-1","max-image-preview":"max-image-preview:large","max-video-preview":"max-video-preview:-1"},"canonical":"https:\/\/canalsoliva.com\/es\/contacte\/","og_locale":"es_ES","og_type":"article","og_title":"Contacte - Canals de distribuci\u00f3 Oliva","og_description":"Per a qualsevol consulta o dubte envia'ns un missatge o tamb\u00e9 ens podeu trobar al Centre de Distribuci\u00f3 en horari de dilluns a divendres...","og_url":"https:\/\/canalsoliva.com\/es\/contacte\/","og_site_name":"Canals de distribuci\u00f3 Oliva","article_modified_time":"2023-04-21T05:17:44+00:00","twitter_card":"summary_large_image","twitter_misc":{"Tiempo de lectura":"3 minutos"},"schema":{"@context":"https:\/\/schema.org","@graph":[{"@type":"WebPage","@id":"https:\/\/canalsoliva.com\/contacte\/","url":"https:\/\/canalsoliva.com\/contacte\/","name":"Contacte - Canals de distribuci\u00f3 Oliva","isPartOf":{"@id":"https:\/\/canalsoliva.com\/#website"},"datePublished":"2020-08-19T10:29:16+00:00","dateModified":"2023-04-21T05:17:44+00:00","description":"Per a qualsevol consulta o dubte envia'ns un missatge o tamb\u00e9 ens podeu trobar al Centre de Distribuci\u00f3 en horari de dilluns a divendres...","breadcrumb":{"@id":"https:\/\/canalsoliva.com\/contacte\/#breadcrumb"},"inLanguage":"es","potentialAction":[{"@type":"ReadAction","target":["https:\/\/canalsoliva.com\/contacte\/"]}]},{"@type":"BreadcrumbList","@id":"https:\/\/canalsoliva.com\/contacte\/#breadcrumb","itemListElement":[{"@type":"ListItem","position":1,"name":"Home","item":"https:\/\/canalsoliva.com\/"},{"@type":"ListItem","position":2,"name":"Contacte"}]},{"@type":"WebSite","@id":"https:\/\/canalsoliva.com\/#website","url":"https:\/\/canalsoliva.com\/","name":"Canals de distribuci\u00f3 Oliva","description":"Lloc Oficial del supermercat i distribucions Oliva","potentialAction":[{"@type":"SearchAction","target":{"@type":"EntryPoint","urlTemplate":"https:\/\/canalsoliva.com\/?s={search_term_string}"},"query-input":"required name=search_term_string"}],"inLanguage":"es"}]}},"_links":{"self":[{"href":"https:\/\/canalsoliva.com\/es\/wp-json\/wp\/v2\/pages\/1340","targetHints":{"allow":["GET"]}}],"collection":[{"href":"https:\/\/canalsoliva.com\/es\/wp-json\/wp\/v2\/pages"}],"about":[{"href":"https:\/\/canalsoliva.com\/es\/wp-json\/wp\/v2\/types\/page"}],"author":[{"embeddable":true,"href":"https:\/\/canalsoliva.com\/es\/wp-json\/wp\/v2\/users\/1"}],"replies":[{"embeddable":true,"href":"https:\/\/canalsoliva.com\/es\/wp-json\/wp\/v2\/comments?post=1340"}],"version-history":[{"count":5,"href":"https:\/\/canalsoliva.com\/es\/wp-json\/wp\/v2\/pages\/1340\/revisions"}],"predecessor-version":[{"id":2288,"href":"https:\/\/canalsoliva.com\/es\/wp-json\/wp\/v2\/pages\/1340\/revisions\/2288"}],"wp:attachment":[{"href":"https:\/\/canalsoliva.com\/es\/wp-json\/wp\/v2\/media?parent=1340"}],"curies":[{"name":"wp","href":"https:\/\/api.w.org\/{rel}","templated":true}]}}